{"id":479,"date":"2025-05-02T04:11:05","date_gmt":"2025-05-02T02:11:05","guid":{"rendered":"https:\/\/luzpapelyaccion.com.ar\/emprecursos\/producto\/taller-de-calendarios-2\/"},"modified":"2025-09-24T03:05:38","modified_gmt":"2025-09-24T01:05:38","slug":"taller-de-calendarios-2","status":"publish","type":"product","link":"https:\/\/luzpapelyaccion.com.ar\/emprecursos\/producto\/taller-de-calendarios-2\/","title":{"rendered":"Taller de Calendarios"},"content":{"rendered":"<p>En este curso aprender\u00e1s a realizar calendarios de diferentes medidas.<\/p>\n<p>10&#215;15- 15&#215;21- 21&#215;30<\/p>\n<p>Tendr\u00e1s las plantillas en diferentes formatos.<\/p>\n<p>Podr\u00e1s realizar calendarios con fotos, con dise\u00f1os tem\u00e1ticos o el dise\u00f1o que te pidan.<\/p>\n<p>Tambi\u00e9n podr\u00e1s realizar, calendarios mignon, calendarios carpita, calendarios anillados , calendarios se\u00f1aladores, planners y organizadores.<\/p>\n<p>Este curso tendr\u00e1 su actualzaci\u00f3n para realizar en cada a\u00f1o.<\/p>\n<p>Este curso esta enfocado para realiza con el programa de photoshop.<\/p>\n","protected":false},"excerpt":{"rendered":"<p>En este curso aprender\u00e1s a realizar calendarios de diferentes medidas.<\/p>\n<p>10&#215;15- 15&#215;21- 21&#215;30<\/p>\n<p>Tendr\u00e1s las plantillas en diferentes formatos.<\/p>\n<p>Podr\u00e1s realizar calendarios con fotos, con dise\u00f1os tem\u00e1ticos o el dise\u00f1o que te pidan.<\/p>\n<p>Tambi\u00e9n podr\u00e1s realizar, calendarios mignon, calendarios carpita, calendarios anillados , calendarios se\u00f1aladores, planners y organizadores.<\/p>\n<p>Este curso tendr\u00e1 su actualzaci\u00f3n para realizar en cada a\u00f1o.<\/p>\n<p>Este curso esta enfocado para realiza con el programa de photoshop.<\/p>\n","protected":false},"featured_media":308,"comment_status":"open","ping_status":"closed","template":"","meta":{"_monsterinsights_skip_tracking":false,"_monsterinsights_sitenote_active":false,"_monsterinsights_sitenote_note":"","_monsterinsights_sitenote_category":0,"site-sidebar-layout":"default","site-content-layout":"","ast-site-content-layout":"default","site-content-style":"default","site-sidebar-style":"default","ast-global-header-display":"","ast-banner-title-visibility":"","ast-main-header-display":"","ast-hfb-above-header-display":"","ast-hfb-below-header-display":"","ast-hfb-mobile-header-display":"","site-post-title":"","ast-breadcrumbs-content":"","ast-featured-img":"","footer-sml-layout":"","ast-disable-related-posts":"","theme-transparent-header-meta":"default","adv-header-id-meta":"","stick-header-meta":"","header-above-stick-meta":"","header-main-stick-meta":"","header-below-stick-meta":"","astra-migrate-meta-layouts":"set","ast-page-background-enabled":"default","ast-page-background-meta":{"desktop":{"background-color":"var(--ast-global-color-5)","background-image":"","background-repeat":"repeat","background-position":"center center","background-size":"auto","background-attachment":"scroll","background-type":"","background-media":"","overlay-type":"","overlay-color":"","overlay-opacity":"","overlay-gradient":""},"tablet":{"background-color":"","background-image":"","background-repeat":"repeat","background-position":"center center","background-size":"auto","background-attachment":"scroll","background-type":"","background-media":"","overlay-type":"","overlay-color":"","overlay-opacity":"","overlay-gradient":""},"mobile":{"background-color":"","background-image":"","background-repeat":"repeat","background-position":"center center","background-size":"auto","background-attachment":"scroll","background-type":"","background-media":"","overlay-type":"","overlay-color":"","overlay-opacity":"","overlay-gradient":""}},"ast-content-background-meta":{"desktop":{"background-color":"var(--ast-global-color-4)","background-image":"","background-repeat":"repeat","background-position":"center center","background-size":"auto","background-attachment":"scroll","background-type":"","background-media":"","overlay-type":"","overlay-color":"","overlay-opacity":"","overlay-gradient":""},"tablet":{"background-color":"var(--ast-global-color-4)","background-image":"","background-repeat":"repeat","background-position":"center center","background-size":"auto","background-attachment":"scroll","background-type":"","background-media":"","overlay-type":"","overlay-color":"","overlay-opacity":"","overlay-gradient":""},"mobile":{"background-color":"var(--ast-global-color-4)","background-image":"","background-repeat":"repeat","background-position":"center center","background-size":"auto","background-attachment":"scroll","background-type":"","background-media":"","overlay-type":"","overlay-color":"","overlay-opacity":"","overlay-gradient":""}}},"product_brand":[],"product_cat":[15],"product_tag":[23,25,24],"class_list":{"0":"post-479","1":"product","2":"type-product","3":"status-publish","4":"has-post-thumbnail","6":"product_cat-sin-categorizar","7":"product_tag-cursos","8":"product_tag-estudiar","9":"product_tag-talleres","10":"desktop-align-left","11":"tablet-align-left","12":"mobile-align-left","14":"first","15":"instock","16":"sale","17":"virtual","18":"sold-individually","19":"taxable","20":"purchasable","21":"product-type-simple"},"_links":{"self":[{"href":"https:\/\/luzpapelyaccion.com.ar\/emprecursos\/wp-json\/wp\/v2\/product\/479","targetHints":{"allow":["GET"]}}],"collection":[{"href":"https:\/\/luzpapelyaccion.com.ar\/emprecursos\/wp-json\/wp\/v2\/product"}],"about":[{"href":"https:\/\/luzpapelyaccion.com.ar\/emprecursos\/wp-json\/wp\/v2\/types\/product"}],"replies":[{"embeddable":true,"href":"https:\/\/luzpapelyaccion.com.ar\/emprecursos\/wp-json\/wp\/v2\/comments?post=479"}],"wp:featuredmedia":[{"embeddable":true,"href":"https:\/\/luzpapelyaccion.com.ar\/emprecursos\/wp-json\/wp\/v2\/media\/308"}],"wp:attachment":[{"href":"https:\/\/luzpapelyaccion.com.ar\/emprecursos\/wp-json\/wp\/v2\/media?parent=479"}],"wp:term":[{"taxonomy":"product_brand","embeddable":true,"href":"https:\/\/luzpapelyaccion.com.ar\/emprecursos\/wp-json\/wp\/v2\/product_brand?post=479"},{"taxonomy":"product_cat","embeddable":true,"href":"https:\/\/luzpapelyaccion.com.ar\/emprecursos\/wp-json\/wp\/v2\/product_cat?post=479"},{"taxonomy":"product_tag","embeddable":true,"href":"https:\/\/luzpapelyaccion.com.ar\/emprecursos\/wp-json\/wp\/v2\/product_tag?post=479"}],"curies":[{"name":"wp","href":"https:\/\/api.w.org\/{rel}","templated":true}]}}