{"id":1540,"date":"2026-02-06T23:30:28","date_gmt":"2026-02-06T22:30:28","guid":{"rendered":"https:\/\/luzpapelyaccion.com.ar\/emprecursos\/producto\/crea-y-vende-papeleria-escolar-con-canva\/"},"modified":"2026-02-07T23:08:13","modified_gmt":"2026-02-07T22:08:13","slug":"crea-y-vende-papeleria-escolar-con-canva","status":"publish","type":"product","link":"https:\/\/luzpapelyaccion.com.ar\/emprecursos\/producto\/crea-y-vende-papeleria-escolar-con-canva\/","title":{"rendered":"CREA Y VENDE PAPELERIA ESCOLAR CON CANVA"},"content":{"rendered":"<p><img decoding=\"async\" class=\"an1\" src=\"https:\/\/fonts.gstatic.com\/s\/e\/notoemoji\/16.0\/2702_fe0f\/32.png\" alt=\"\u2702\ufe0f\" data-emoji=\"\u2702\ufe0f\" aria-label=\"\u2702\ufe0f\" \/>\u00a0*\u00bfQU\u00c9 VAN A APRENDER EN EL CURSO?*<\/p>\n<div class=\"\">\n<div id=\":qe\" class=\"ii gt\">\n<div id=\":qd\" class=\"a3s aiL\">\n<div id=\"avWBGd-17\">\n<div dir=\"auto\">\n<div dir=\"auto\"><\/div>\n<div dir=\"auto\"><img decoding=\"async\" class=\"an1\" src=\"https:\/\/fonts.gstatic.com\/s\/e\/notoemoji\/16.0\/1f9e0\/32.png\" alt=\"\ud83e\udde0\" data-emoji=\"\ud83e\udde0\" aria-label=\"\ud83e\udde0\" \/>\u00a01. Dise\u00f1o profesional con Canva<\/div>\n<div dir=\"auto\">Uso correcto de Canva para papeler\u00eda escolar<\/div>\n<div dir=\"auto\">C\u00f3mo combinar colores, tipograf\u00edas y personajes<\/div>\n<div dir=\"auto\">Organizaci\u00f3n de dise\u00f1os y medidas<\/div>\n<div dir=\"auto\">C\u00f3mo exportar archivos correctamente para imprimir<\/div>\n<div dir=\"auto\"><\/div>\n<div dir=\"auto\"><img decoding=\"async\" class=\"an1\" src=\"https:\/\/fonts.gstatic.com\/s\/e\/notoemoji\/16.0\/270f_fe0f\/32.png\" alt=\"\u270f\ufe0f\" data-emoji=\"\u270f\ufe0f\" aria-label=\"\u270f\ufe0f\" \/>\u00a02. Etiquetas escolares (en distintas medidas)<\/div>\n<div dir=\"auto\">Etiquetas para l\u00e1pices y \u00fatiles<\/div>\n<div dir=\"auto\">Etiquetas para cuadernos y libros<\/div>\n<div dir=\"auto\">Fajas escolares (para loncheras, cuadernos o libros)<\/div>\n<div dir=\"auto\"><\/div>\n<div dir=\"auto\"><img decoding=\"async\" class=\"an1\" src=\"https:\/\/fonts.gstatic.com\/s\/e\/notoemoji\/16.0\/1f4da\/32.png\" alt=\"\ud83d\udcda\" data-emoji=\"\ud83d\udcda\" aria-label=\"\ud83d\udcda\" \/>\u00a03. Papeler\u00eda escolar personalizada<\/div>\n<div dir=\"auto\">Car\u00e1tulas para carpetas<\/div>\n<div dir=\"auto\">Planners escolares<\/div>\n<div dir=\"auto\">Reglas personalizadas<\/div>\n<div dir=\"auto\">Tablas escolares (formato pr\u00e1ctico y vendible)<\/div>\n<div dir=\"auto\"><\/div>\n<div dir=\"auto\"><img decoding=\"async\" class=\"an1\" src=\"https:\/\/fonts.gstatic.com\/s\/e\/notoemoji\/16.0\/1f392\/32.png\" alt=\"\ud83c\udf92\" data-emoji=\"\ud83c\udf92\" aria-label=\"\ud83c\udf92\" \/>\u00a04. Identificadores y accesorios<\/div>\n<div dir=\"auto\">Llaveros identificadores para mochilas y cartucheras<\/div>\n<div dir=\"auto\">Personalizaci\u00f3n de loncheras<\/div>\n<div dir=\"auto\">Armado de productos listos para entregar<\/div>\n<div dir=\"auto\"><\/div>\n<div dir=\"auto\"><img decoding=\"async\" class=\"an1\" src=\"https:\/\/fonts.gstatic.com\/s\/e\/notoemoji\/16.0\/1f4e6\/32.png\" alt=\"\ud83d\udce6\" data-emoji=\"\ud83d\udce6\" aria-label=\"\ud83d\udce6\" \/>\u00a05. Personalizaci\u00f3n y presentaci\u00f3n<\/div>\n<div dir=\"auto\">C\u00f3mo realizar cuadernos personalizados<\/div>\n<div dir=\"auto\">C\u00f3mo presentar los productos para que se vean profesionales<\/div>\n<div dir=\"auto\">Armado de kits escolares listos para vender.<\/div>\n<div dir=\"auto\">Realizaremos mockup con chat gpt para mostrar nuestros productos sin necesidad de sacar muchas fotos.<\/div>\n<div dir=\"auto\"><\/div>\n<div dir=\"auto\"><img decoding=\"async\" class=\"an1\" src=\"https:\/\/fonts.gstatic.com\/s\/e\/notoemoji\/16.0\/1f4ac\/32.png\" alt=\"\ud83d\udcac\" data-emoji=\"\ud83d\udcac\" aria-label=\"\ud83d\udcac\" \/>\u00a06. Atenci\u00f3n al cliente (clave para vender)<\/div>\n<div dir=\"auto\">C\u00f3mo encarar al primer cliente<\/div>\n<div dir=\"auto\">Qu\u00e9 preguntar (tem\u00e1tica, medidas, uso, cantidades)<\/div>\n<div dir=\"auto\">C\u00f3mo guiar al cliente sin marearlo<\/div>\n<div dir=\"auto\">C\u00f3mo ofrecer opciones y cerrar la venta<\/div>\n<div dir=\"auto\"><\/div>\n<div dir=\"auto\"><img decoding=\"async\" class=\"an1\" src=\"https:\/\/fonts.gstatic.com\/s\/e\/notoemoji\/16.0\/1f381\/32.png\" alt=\"\ud83c\udf81\" data-emoji=\"\ud83c\udf81\" aria-label=\"\ud83c\udf81\" \/>\u00a07. EBOOK DE REGALO \u2013 Estrategia de ventas<\/div>\n<div dir=\"auto\"><\/div>\n<div dir=\"auto\">Incluye:<\/div>\n<div dir=\"auto\">C\u00f3mo lanzar kits escolares<\/div>\n<div dir=\"auto\">C\u00f3mo ofrecerlos<\/div>\n<div dir=\"auto\">C\u00f3mo venderlos una y otra vez<\/div>\n<\/div>\n<\/div>\n<\/div>\n<\/div>\n<\/div>\n","protected":false},"excerpt":{"rendered":"<p>\u00a0*\u00bfQU\u00c9 VAN A APRENDER EN EL CURSO?* \u00a01. Dise\u00f1o profesional con Canva Uso correcto de Canva para papeler\u00eda escolar C\u00f3mo [&hellip;]<\/p>\n","protected":false},"featured_media":1532,"comment_status":"open","ping_status":"closed","template":"","meta":{"_monsterinsights_skip_tracking":false,"_monsterinsights_sitenote_active":false,"_monsterinsights_sitenote_note":"","_monsterinsights_sitenote_category":0,"site-sidebar-layout":"default","site-content-layout":"","ast-site-content-layout":"default","site-content-style":"default","site-sidebar-style":"default","ast-global-header-display":"","ast-banner-title-visibility":"","ast-main-header-display":"","ast-hfb-above-header-display":"","ast-hfb-below-header-display":"","ast-hfb-mobile-header-display":"","site-post-title":"","ast-breadcrumbs-content":"","ast-featured-img":"","footer-sml-layout":"","ast-disable-related-posts":"","theme-transparent-header-meta":"default","adv-header-id-meta":"","stick-header-meta":"","header-above-stick-meta":"","header-main-stick-meta":"","header-below-stick-meta":"","astra-migrate-meta-layouts":"set","ast-page-background-enabled":"default","ast-page-background-meta":{"desktop":{"background-color":"var(--ast-global-color-5)","background-image":"","background-repeat":"repeat","background-position":"center center","background-size":"auto","background-attachment":"scroll","background-type":"","background-media":"","overlay-type":"","overlay-color":"","overlay-opacity":"","overlay-gradient":""},"tablet":{"background-color":"","background-image":"","background-repeat":"repeat","background-position":"center center","background-size":"auto","background-attachment":"scroll","background-type":"","background-media":"","overlay-type":"","overlay-color":"","overlay-opacity":"","overlay-gradient":""},"mobile":{"background-color":"","background-image":"","background-repeat":"repeat","background-position":"center center","background-size":"auto","background-attachment":"scroll","background-type":"","background-media":"","overlay-type":"","overlay-color":"","overlay-opacity":"","overlay-gradient":""}},"ast-content-background-meta":{"desktop":{"background-color":"var(--ast-global-color-4)","background-image":"","background-repeat":"repeat","background-position":"center center","background-size":"auto","background-attachment":"scroll","background-type":"","background-media":"","overlay-type":"","overlay-color":"","overlay-opacity":"","overlay-gradient":""},"tablet":{"background-color":"var(--ast-global-color-4)","background-image":"","background-repeat":"repeat","background-position":"center center","background-size":"auto","background-attachment":"scroll","background-type":"","background-media":"","overlay-type":"","overlay-color":"","overlay-opacity":"","overlay-gradient":""},"mobile":{"background-color":"var(--ast-global-color-4)","background-image":"","background-repeat":"repeat","background-position":"center center","background-size":"auto","background-attachment":"scroll","background-type":"","background-media":"","overlay-type":"","overlay-color":"","overlay-opacity":"","overlay-gradient":""}}},"product_brand":[],"product_cat":[15],"product_tag":[],"class_list":{"0":"post-1540","1":"product","2":"type-product","3":"status-publish","4":"has-post-thumbnail","6":"product_cat-sin-categorizar","7":"desktop-align-left","8":"tablet-align-left","9":"mobile-align-left","11":"first","12":"instock","13":"sale","14":"virtual","15":"sold-individually","16":"taxable","17":"purchasable","18":"product-type-simple"},"_links":{"self":[{"href":"https:\/\/luzpapelyaccion.com.ar\/emprecursos\/wp-json\/wp\/v2\/product\/1540","targetHints":{"allow":["GET"]}}],"collection":[{"href":"https:\/\/luzpapelyaccion.com.ar\/emprecursos\/wp-json\/wp\/v2\/product"}],"about":[{"href":"https:\/\/luzpapelyaccion.com.ar\/emprecursos\/wp-json\/wp\/v2\/types\/product"}],"replies":[{"embeddable":true,"href":"https:\/\/luzpapelyaccion.com.ar\/emprecursos\/wp-json\/wp\/v2\/comments?post=1540"}],"wp:featuredmedia":[{"embeddable":true,"href":"https:\/\/luzpapelyaccion.com.ar\/emprecursos\/wp-json\/wp\/v2\/media\/1532"}],"wp:attachment":[{"href":"https:\/\/luzpapelyaccion.com.ar\/emprecursos\/wp-json\/wp\/v2\/media?parent=1540"}],"wp:term":[{"taxonomy":"product_brand","embeddable":true,"href":"https:\/\/luzpapelyaccion.com.ar\/emprecursos\/wp-json\/wp\/v2\/product_brand?post=1540"},{"taxonomy":"product_cat","embeddable":true,"href":"https:\/\/luzpapelyaccion.com.ar\/emprecursos\/wp-json\/wp\/v2\/product_cat?post=1540"},{"taxonomy":"product_tag","embeddable":true,"href":"https:\/\/luzpapelyaccion.com.ar\/emprecursos\/wp-json\/wp\/v2\/product_tag?post=1540"}],"curies":[{"name":"wp","href":"https:\/\/api.w.org\/{rel}","templated":true}]}}