{"id":1329,"date":"2025-12-09T01:14:53","date_gmt":"2025-12-09T00:14:53","guid":{"rendered":"https:\/\/luzpapelyaccion.com.ar\/emprecursos\/producto\/taller-navideno-2\/"},"modified":"2025-12-09T01:27:37","modified_gmt":"2025-12-09T00:27:37","slug":"taller-navideno-2","status":"publish","type":"product","link":"https:\/\/luzpapelyaccion.com.ar\/emprecursos\/producto\/taller-navideno-2\/","title":{"rendered":"NAVIDAD CON SENTIDO"},"content":{"rendered":"<p data-start=\"80\" data-end=\"481\">\ud83c\udf84 <strong data-start=\"83\" data-end=\"124\">CURSO NAVIDE\u00d1O: \u201cNAVIDAD CON SENTIDO\u201d<\/strong> \ud83c\udf84<br data-start=\"127\" data-end=\"130\" \/>Descubre la magia de crear una Navidad aut\u00e9ntica y especial con proyectos hermosos, elaborados <strong data-start=\"225\" data-end=\"248\">totalmente en papel<\/strong>, sin necesidad de maquinaria, impresoras ni herramientas complicadas.<br data-start=\"318\" data-end=\"321\" \/>Un curso ideal para <strong data-start=\"341\" data-end=\"358\">emprendedoras<\/strong> que desean crear y vender kits navide\u00f1os, y para <strong data-start=\"408\" data-end=\"427\">mam\u00e1s creativas<\/strong> que quieren disfrutar momentos m\u00e1gicos con sus hijos.<\/p>\n<hr data-start=\"483\" data-end=\"486\" \/>\n<h3 data-start=\"488\" data-end=\"515\">\u2728 <strong data-start=\"494\" data-end=\"515\">LO QUE APRENDER\u00c1N<\/strong><\/h3>\n<p data-start=\"516\" data-end=\"620\">En \u201cNavidad con Sentido\u201d crear\u00e1s paso a paso una hermosa colecci\u00f3n de proyectos navide\u00f1os hechos a mano:<\/p>\n<p data-start=\"622\" data-end=\"941\">\ud83c\udf81 <strong data-start=\"625\" data-end=\"658\">\u2022 Bast\u00f3n de caramelo con tags<\/strong><br data-start=\"658\" data-end=\"661\" \/>\ud83c\udf81 <strong data-start=\"664\" data-end=\"685\">\u2022 Pino decorativo<\/strong><br data-start=\"685\" data-end=\"688\" \/>\ud83c\udf81 <strong data-start=\"691\" data-end=\"721\">\u2022 Servilletero de mu\u00e9rdago<\/strong><br data-start=\"721\" data-end=\"724\" \/>\ud83c\udf81 <strong data-start=\"727\" data-end=\"766\">\u2022 Librito de juegos y para colorear<\/strong><br data-start=\"766\" data-end=\"769\" \/>\ud83c\udf81 <strong data-start=\"772\" data-end=\"802\">\u2022 Mo\u00f1os y tags de jengibre<\/strong><br data-start=\"802\" data-end=\"805\" \/>\ud83c\udf81 <strong data-start=\"808\" data-end=\"844\">\u2022 Cajitas navide\u00f1as con manijita<\/strong><br data-start=\"844\" data-end=\"847\" \/>\ud83c\udf81 <strong data-start=\"850\" data-end=\"874\">\u2022 Flores de mu\u00e9rdago<\/strong><br data-start=\"874\" data-end=\"877\" \/>\ud83c\udf81 <strong data-start=\"880\" data-end=\"905\">\u2022 Guirnalda de flecos<\/strong><br data-start=\"905\" data-end=\"908\" \/>\ud83c\udf81 <strong data-start=\"911\" data-end=\"941\">\u2022 Sobre + cartita navide\u00f1a<\/strong><\/p>\n<hr data-start=\"943\" data-end=\"946\" \/>\n<h3 data-start=\"948\" data-end=\"975\">\ud83c\udf81 <strong data-start=\"955\" data-end=\"973\">BONUS ESPECIAL<\/strong><\/h3>\n<p data-start=\"976\" data-end=\"1201\">Como regalo exclusivo, recibir\u00e1s la <strong data-start=\"1012\" data-end=\"1037\">C\u00e1psula Navide\u00f1a 2024<\/strong>, que incluye <strong data-start=\"1051\" data-end=\"1079\">11 proyectos adicionales<\/strong> para ampliar tu colecci\u00f3n, crear m\u00e1s kits navide\u00f1os y potenciar tu emprendimiento o tus actividades creativas en familia.<\/p>\n<hr data-start=\"1203\" data-end=\"1206\" \/>\n<p data-start=\"1208\" data-end=\"1292\">\ud83c\udf84 <strong data-start=\"1211\" data-end=\"1290\">Crea con prop\u00f3sito, celebra con creatividad y vive una Navidad con Sentido.<\/strong><\/p>\n","protected":false},"excerpt":{"rendered":"<p>\ud83c\udf84 CURSO NAVIDE\u00d1O: \u201cNAVIDAD CON SENTIDO\u201d \ud83c\udf84Descubre la magia de crear una Navidad aut\u00e9ntica y especial con proyectos hermosos, elaborados [&hellip;]<\/p>\n","protected":false},"featured_media":1328,"comment_status":"open","ping_status":"closed","template":"","meta":{"_monsterinsights_skip_tracking":false,"_monsterinsights_sitenote_active":false,"_monsterinsights_sitenote_note":"","_monsterinsights_sitenote_category":0,"site-sidebar-layout":"default","site-content-layout":"","ast-site-content-layout":"default","site-content-style":"default","site-sidebar-style":"default","ast-global-header-display":"","ast-banner-title-visibility":"","ast-main-header-display":"","ast-hfb-above-header-display":"","ast-hfb-below-header-display":"","ast-hfb-mobile-header-display":"","site-post-title":"","ast-breadcrumbs-content":"","ast-featured-img":"","footer-sml-layout":"","ast-disable-related-posts":"","theme-transparent-header-meta":"default","adv-header-id-meta":"","stick-header-meta":"","header-above-stick-meta":"","header-main-stick-meta":"","header-below-stick-meta":"","astra-migrate-meta-layouts":"set","ast-page-background-enabled":"default","ast-page-background-meta":{"desktop":{"background-color":"var(--ast-global-color-5)","background-image":"","background-repeat":"repeat","background-position":"center center","background-size":"auto","background-attachment":"scroll","background-type":"","background-media":"","overlay-type":"","overlay-color":"","overlay-opacity":"","overlay-gradient":""},"tablet":{"background-color":"","background-image":"","background-repeat":"repeat","background-position":"center center","background-size":"auto","background-attachment":"scroll","background-type":"","background-media":"","overlay-type":"","overlay-color":"","overlay-opacity":"","overlay-gradient":""},"mobile":{"background-color":"","background-image":"","background-repeat":"repeat","background-position":"center center","background-size":"auto","background-attachment":"scroll","background-type":"","background-media":"","overlay-type":"","overlay-color":"","overlay-opacity":"","overlay-gradient":""}},"ast-content-background-meta":{"desktop":{"background-color":"var(--ast-global-color-4)","background-image":"","background-repeat":"repeat","background-position":"center center","background-size":"auto","background-attachment":"scroll","background-type":"","background-media":"","overlay-type":"","overlay-color":"","overlay-opacity":"","overlay-gradient":""},"tablet":{"background-color":"var(--ast-global-color-4)","background-image":"","background-repeat":"repeat","background-position":"center center","background-size":"auto","background-attachment":"scroll","background-type":"","background-media":"","overlay-type":"","overlay-color":"","overlay-opacity":"","overlay-gradient":""},"mobile":{"background-color":"var(--ast-global-color-4)","background-image":"","background-repeat":"repeat","background-position":"center center","background-size":"auto","background-attachment":"scroll","background-type":"","background-media":"","overlay-type":"","overlay-color":"","overlay-opacity":"","overlay-gradient":""}}},"product_brand":[],"product_cat":[15],"product_tag":[],"class_list":{"0":"post-1329","1":"product","2":"type-product","3":"status-publish","4":"has-post-thumbnail","6":"product_cat-sin-categorizar","7":"desktop-align-left","8":"tablet-align-left","9":"mobile-align-left","11":"first","12":"instock","13":"sale","14":"virtual","15":"sold-individually","16":"taxable","17":"purchasable","18":"product-type-simple"},"_links":{"self":[{"href":"https:\/\/luzpapelyaccion.com.ar\/emprecursos\/wp-json\/wp\/v2\/product\/1329","targetHints":{"allow":["GET"]}}],"collection":[{"href":"https:\/\/luzpapelyaccion.com.ar\/emprecursos\/wp-json\/wp\/v2\/product"}],"about":[{"href":"https:\/\/luzpapelyaccion.com.ar\/emprecursos\/wp-json\/wp\/v2\/types\/product"}],"replies":[{"embeddable":true,"href":"https:\/\/luzpapelyaccion.com.ar\/emprecursos\/wp-json\/wp\/v2\/comments?post=1329"}],"wp:featuredmedia":[{"embeddable":true,"href":"https:\/\/luzpapelyaccion.com.ar\/emprecursos\/wp-json\/wp\/v2\/media\/1328"}],"wp:attachment":[{"href":"https:\/\/luzpapelyaccion.com.ar\/emprecursos\/wp-json\/wp\/v2\/media?parent=1329"}],"wp:term":[{"taxonomy":"product_brand","embeddable":true,"href":"https:\/\/luzpapelyaccion.com.ar\/emprecursos\/wp-json\/wp\/v2\/product_brand?post=1329"},{"taxonomy":"product_cat","embeddable":true,"href":"https:\/\/luzpapelyaccion.com.ar\/emprecursos\/wp-json\/wp\/v2\/product_cat?post=1329"},{"taxonomy":"product_tag","embeddable":true,"href":"https:\/\/luzpapelyaccion.com.ar\/emprecursos\/wp-json\/wp\/v2\/product_tag?post=1329"}],"curies":[{"name":"wp","href":"https:\/\/api.w.org\/{rel}","templated":true}]}}